{"id":67,"date":"2019-04-13T09:24:10","date_gmt":"2019-04-13T09:24:10","guid":{"rendered":"http:\/\/www.tomandtom.pl\/?page_id=67"},"modified":"2019-05-16T11:10:53","modified_gmt":"2019-05-16T11:10:53","slug":"bistro-jajo","status":"publish","type":"page","link":"https:\/\/www.tomandtom.pl\/?page_id=67","title":{"rendered":"Bistro Jajo"},"content":{"rendered":"\n<p><strong>Bistro Jajo<\/strong> &#8211; restauracja po kuchennych rewolucjach Magdy Gessler Oferujemy Pa\u0144stwu bia\u0142\u0105 kuchni\u0119 : dr\u00f3b, ciel\u0119cin\u0119, dorsza i jaja od kur z wolnego wybiegu przyrz\u0105dzane na r\u00f3\u017cne sposoby, a tak\u017ce potrawy m\u0105czne.  Przebojem jest poranna cha\u0142ka Magdy Gessler z da\u0144 g\u0142\u00f3wnych Krem czosnkowy oraz Strogonow z kurczaka tak\u017ce przepyszna gicz ciel\u0119ca, oraz pier\u015b z kaczki. <\/p>\n\n\n\n<p>Od niedawna wzbogacili\u015bmy menu o dania z makaronu, oraz rewelacyjne burgery. Mas\u0142o ubijamy sami a przed obiadem serwujemy czekade\u0142ka skomponowane z tradycyjnej sa\u0142atki jarzynowej i pasty jajecznej wed\u0142ug przepisu Magdy Gessler. Schabowy z ko\u015bci\u0105 sma\u017cymy tradycyjnie na smalcu i podajemy z zasma\u017can\u0105 kapust\u0105 wed\u0142ug naszej receptury. W\u0119dliny dobieramy z rodzinnej masarni  a naszego \u0142ososia na plackach ziemniaczanych dostarcza nam niewielka w\u0119dzarnia z tradycjami. <\/p>\n\n\n\n<p>Dla najm\u0142odszych go\u015bci serwujemy stripsy i nugetsy z kurczaka a ze s\u0142odkich da\u0144 racuchy babuni oraz nale\u015bniki z jagodami oraz z mascarpone i bia\u0142\u0105 czekolada. Stawiamy na jako\u015b\u0107 produkt\u00f3w, kt\u00f3re sami starannie dobieramy. A ka\u017cda z potraw jest przygotowywana na \u015bwie\u017co.  Nasze smaki i potrawy autoryzowane s\u0105 w ca\u0142o\u015bci przez Magd\u0119 Gessler. <\/p>\n\n\n\n<p>Godziny otwarcia: <\/p>\n\n\n\n<ul><li><strong>pon-sob 8-22<\/strong><\/li><li><strong>niedz 8-20<\/strong><\/li><\/ul>\n\n\n<style type=\"text\/css\">\r\n\t#foogallery-gallery-216 .fg-image {\r\n        width: 150px;\r\n    }\r\n<\/style>\r\n\t\t\t\t<div class=\"foogallery foogallery-container foogallery-default foogallery-lightbox-foobox fg-gutter-10 fg-center fg-default fg-light fg-border-thin fg-shadow-outline fg-loading-default fg-loaded-fade-in fg-hover-grayscale fg-caption-hover fg-hover-fade fg-hover-zoom fg-ready\" id=\"foogallery-gallery-216\" data-foogallery=\"{&quot;item&quot;:{&quot;showCaptionTitle&quot;:true,&quot;showCaptionDescription&quot;:true},&quot;lazy&quot;:true}\" >\r\n\t<div class=\"fg-item fg-type-image fg-idle\"><figure class=\"fg-item-inner\"><a href=\"https:\/\/www.tomandtom.pl\/wp-content\/uploads\/2019\/05\/pobrane.jpg\" data-attachment-id=\"220\" class=\"fg-thumb\"><span class=\"fg-image-wrap\"><img width=\"150\" height=\"150\" class=\"skip-lazy fg-image\" data-src-fg=\"https:\/\/www.tomandtom.pl\/wp-content\/uploads\/cache\/2019\/05\/pobrane\/175822973.jpg\" src=\"data:image\/svg+xml,%3Csvg%20xmlns%3D%22http%3A%2F%2Fwww.w3.org%2F2000%2Fsvg%22%20width%3D%22150%22%20height%3D%22150%22%20viewBox%3D%220%200%20150%20150%22%3E%3C%2Fsvg%3E\"><\/span><span class=\"fg-image-overlay\"><\/span><\/a><figcaption class=\"fg-caption\"><div class=\"fg-caption-inner\"><\/div><\/figcaption><\/figure><div class=\"fg-loader\"><\/div><\/div><div class=\"fg-item fg-type-image fg-idle\"><figure class=\"fg-item-inner\"><a href=\"https:\/\/www.tomandtom.pl\/wp-content\/uploads\/2019\/05\/zdj\u0119cie-z-Magd\u0105-Gesler.png\" data-attachment-id=\"165\" class=\"fg-thumb\"><span class=\"fg-image-wrap\"><img width=\"150\" height=\"150\" class=\"skip-lazy fg-image\" data-src-fg=\"https:\/\/www.tomandtom.pl\/wp-content\/uploads\/cache\/2019\/05\/zdj\u0119cie-z-Magd\u0105-Gesler\/3870338617.png\" src=\"data:image\/svg+xml,%3Csvg%20xmlns%3D%22http%3A%2F%2Fwww.w3.org%2F2000%2Fsvg%22%20width%3D%22150%22%20height%3D%22150%22%20viewBox%3D%220%200%20150%20150%22%3E%3C%2Fsvg%3E\"><\/span><span class=\"fg-image-overlay\"><\/span><\/a><figcaption class=\"fg-caption\"><div class=\"fg-caption-inner\"><\/div><\/figcaption><\/figure><div class=\"fg-loader\"><\/div><\/div><div class=\"fg-item fg-type-image fg-idle\"><figure class=\"fg-item-inner\"><a href=\"https:\/\/www.tomandtom.pl\/wp-content\/uploads\/2019\/05\/bistro.jpg\" data-attachment-id=\"217\" class=\"fg-thumb\"><span class=\"fg-image-wrap\"><img width=\"150\" height=\"150\" class=\"skip-lazy fg-image\" data-src-fg=\"https:\/\/www.tomandtom.pl\/wp-content\/uploads\/cache\/2019\/05\/bistro\/3328489700.jpg\" src=\"data:image\/svg+xml,%3Csvg%20xmlns%3D%22http%3A%2F%2Fwww.w3.org%2F2000%2Fsvg%22%20width%3D%22150%22%20height%3D%22150%22%20viewBox%3D%220%200%20150%20150%22%3E%3C%2Fsvg%3E\"><\/span><span class=\"fg-image-overlay\"><\/span><\/a><figcaption class=\"fg-caption\"><div class=\"fg-caption-inner\"><\/div><\/figcaption><\/figure><div class=\"fg-loader\"><\/div><\/div><div class=\"fg-item fg-type-image fg-idle\"><figure class=\"fg-item-inner\"><a href=\"https:\/\/www.tomandtom.pl\/wp-content\/uploads\/2019\/05\/cha\u0142ka-Magdy-Gessler.jpg\" data-attachment-id=\"218\" class=\"fg-thumb\"><span class=\"fg-image-wrap\"><img width=\"150\" height=\"150\" class=\"skip-lazy fg-image\" data-src-fg=\"https:\/\/www.tomandtom.pl\/wp-content\/uploads\/cache\/2019\/05\/cha\u0142ka-Magdy-Gessler\/2126180425.jpg\" src=\"data:image\/svg+xml,%3Csvg%20xmlns%3D%22http%3A%2F%2Fwww.w3.org%2F2000%2Fsvg%22%20width%3D%22150%22%20height%3D%22150%22%20viewBox%3D%220%200%20150%20150%22%3E%3C%2Fsvg%3E\"><\/span><span class=\"fg-image-overlay\"><\/span><\/a><figcaption class=\"fg-caption\"><div class=\"fg-caption-inner\"><\/div><\/figcaption><\/figure><div class=\"fg-loader\"><\/div><\/div><div class=\"fg-item fg-type-image fg-idle\"><figure class=\"fg-item-inner\"><a href=\"https:\/\/www.tomandtom.pl\/wp-content\/uploads\/2019\/05\/DORSZ-NA-SEPII..jpg\" data-attachment-id=\"219\" class=\"fg-thumb\"><span class=\"fg-image-wrap\"><img width=\"150\" height=\"150\" class=\"skip-lazy fg-image\" data-src-fg=\"https:\/\/www.tomandtom.pl\/wp-content\/uploads\/cache\/2019\/05\/DORSZ-NA-SEPII_\/3843681983.jpg\" src=\"data:image\/svg+xml,%3Csvg%20xmlns%3D%22http%3A%2F%2Fwww.w3.org%2F2000%2Fsvg%22%20width%3D%22150%22%20height%3D%22150%22%20viewBox%3D%220%200%20150%20150%22%3E%3C%2Fsvg%3E\"><\/span><span class=\"fg-image-overlay\"><\/span><\/a><figcaption class=\"fg-caption\"><div class=\"fg-caption-inner\"><\/div><\/figcaption><\/figure><div class=\"fg-loader\"><\/div><\/div><\/div>\r\n\n\n\n\n<p><\/p>\n\n\n\n<p><\/p>\n","protected":false},"excerpt":{"rendered":"<p>Bistro Jajo &#8211; restauracja po kuchennych rewolucjach Magdy Gessler Oferujemy Pa\u0144stwu bia\u0142\u0105 kuchni\u0119 : dr\u00f3b, ciel\u0119cin\u0119, dorsza i jaja od kur z wolnego wybiegu przyrz\u0105dzane na r\u00f3\u017cne sposoby, a tak\u017ce potrawy m\u0105czne. Przebojem jest poranna cha\u0142ka Magdy Gessler z da\u0144 g\u0142\u00f3wnych Krem czosnkowy oraz Strogonow z kurczaka tak\u017ce przepyszna gicz [&hellip;]<\/p>\n","protected":false},"author":1,"featured_media":0,"parent":0,"menu_order":0,"comment_status":"closed","ping_status":"closed","template":"","meta":[],"_links":{"self":[{"href":"https:\/\/www.tomandtom.pl\/index.php?rest_route=\/wp\/v2\/pages\/67"}],"collection":[{"href":"https:\/\/www.tomandtom.pl\/index.php?rest_route=\/wp\/v2\/pages"}],"about":[{"href":"https:\/\/www.tomandtom.pl\/index.php?rest_route=\/wp\/v2\/types\/page"}],"author":[{"embeddable":true,"href":"https:\/\/www.tomandtom.pl\/index.php?rest_route=\/wp\/v2\/users\/1"}],"replies":[{"embeddable":true,"href":"https:\/\/www.tomandtom.pl\/index.php?rest_route=%2Fwp%2Fv2%2Fcomments&post=67"}],"version-history":[{"count":6,"href":"https:\/\/www.tomandtom.pl\/index.php?rest_route=\/wp\/v2\/pages\/67\/revisions"}],"predecessor-version":[{"id":222,"href":"https:\/\/www.tomandtom.pl\/index.php?rest_route=\/wp\/v2\/pages\/67\/revisions\/222"}],"wp:attachment":[{"href":"https:\/\/www.tomandtom.pl\/index.php?rest_route=%2Fwp%2Fv2%2Fmedia&parent=67"}],"curies":[{"name":"wp","href":"https:\/\/api.w.org\/{rel}","templated":true}]}}